{"id":10,"date":"2026-04-20T06:19:02","date_gmt":"2026-04-20T06:19:02","guid":{"rendered":"http:\/\/fzcksnm.cluster121.hosting.ovh.net\/?page_id=10"},"modified":"2026-04-23T10:37:45","modified_gmt":"2026-04-23T10:37:45","slug":"espoir-maison-du-retablissement","status":"publish","type":"page","link":"https:\/\/espoir-maisonduretablissement.fr\/","title":{"rendered":"Espoir Maison du R\u00e9tablissement"},"content":{"rendered":"<div class=\"wp-block-site-logo\"><a href=\"https:\/\/espoir-maisonduretablissement.fr\/\" class=\"custom-logo-link\" rel=\"home\"><img loading=\"lazy\" decoding=\"async\" width=\"166\" height=\"177\" src=\"https:\/\/espoir-maisonduretablissement.fr\/wp-content\/uploads\/2026\/04\/Capture-decran-2026-04-22-a-21.44.40.png\" class=\"custom-logo\" alt=\"Logo ESPOIR\" srcset=\"https:\/\/espoir-maisonduretablissement.fr\/wp-content\/uploads\/2026\/04\/Capture-decran-2026-04-22-a-21.44.40.png 1050w, https:\/\/espoir-maisonduretablissement.fr\/wp-content\/uploads\/2026\/04\/Capture-decran-2026-04-22-a-21.44.40-280x300.png 280w, https:\/\/espoir-maisonduretablissement.fr\/wp-content\/uploads\/2026\/04\/Capture-decran-2026-04-22-a-21.44.40-957x1024.png 957w, https:\/\/espoir-maisonduretablissement.fr\/wp-content\/uploads\/2026\/04\/Capture-decran-2026-04-22-a-21.44.40-768x822.png 768w\" sizes=\"auto, (max-width: 166px) 100vw, 166px\" \/><\/a><\/div>\n\n\n<p><mark style=\"background-color:rgba(0, 0, 0, 0)\" class=\"has-inline-color has-contrast-color\"> <\/mark><\/p>\n\n\n\n<div class=\"wp-block-group alignfull is-style-section-4 has-background has-global-padding is-layout-constrained wp-block-group-is-layout-constrained is-style-section-4--1\" style=\"background-color:#3692b3;margin-top:0;margin-bottom:0;padding-top:var(--wp--preset--spacing--60);padding-bottom:var(--wp--preset--spacing--60)\">\n<div class=\"wp-block-columns alignwide is-layout-flex wp-container-core-columns-is-layout-643ced6b wp-block-columns-is-layout-flex\">\n<div class=\"wp-block-column is-layout-flow wp-block-column-is-layout-flow\" style=\"flex-basis:40%\">\n<figure class=\"wp-block-image size-full\"><img loading=\"lazy\" decoding=\"async\" width=\"646\" height=\"430\" src=\"http:\/\/fzcksnm.cluster121.hosting.ovh.net\/wp-content\/uploads\/2026\/04\/IMG_4858.png\" alt=\"\" class=\"wp-image-13\" srcset=\"https:\/\/espoir-maisonduretablissement.fr\/wp-content\/uploads\/2026\/04\/IMG_4858.png 646w, https:\/\/espoir-maisonduretablissement.fr\/wp-content\/uploads\/2026\/04\/IMG_4858-300x200.png 300w\" sizes=\"auto, (max-width: 646px) 100vw, 646px\" \/><\/figure>\n\n\n\n<p class=\"has-text-align-center has-base-color has-text-color has-link-color has-montserrat-font-family has-xx-large-font-size wp-elements-5cf6c6f47ae44caeeb939ad85b7c3761\"><strong>Un lieu pour <\/strong><\/p>\n\n\n\n<p class=\"has-text-align-center has-base-color has-text-color has-link-color has-montserrat-font-family has-xx-large-font-size wp-elements-c7fe2b20b0ead080bda1dd7f794bc721\"><strong>respirer<\/strong> <\/p>\n\n\n\n<p class=\"has-text-align-center has-base-color has-text-color has-link-color has-montserrat-font-family has-xx-large-font-size wp-elements-bd97c4912eb3c406db5c22fe1052231e\"><strong>se relier<\/strong><\/p>\n\n\n\n<p class=\"has-text-align-center has-base-color has-text-color has-link-color has-montserrat-font-family has-xx-large-font-size wp-elements-be34486de013537e9c619920648a899d\"><strong>se reconstruire<\/strong><\/p>\n\n\n\n<hr class=\"wp-block-separator has-alpha-channel-opacity\"\/>\n<\/div>\n\n\n\n<div class=\"wp-block-column has-montserrat-font-family is-layout-flow wp-block-column-is-layout-flow\">\n<p class=\"has-base-color has-text-color has-link-color has-x-large-font-size wp-elements-fc510328d51cab01aa96fd257afecbed\"><strong>L\u2019association ESPOIR r\u00e9unit un collectif citoyen au service de la sant\u00e9.<\/strong><\/p>\n\n\n\n<p class=\"has-base-color has-text-color has-link-color wp-elements-32814f1d658726b33a86d020fd37627b\"><em><strong>Notre objectif ?<\/strong><\/em><\/p>\n\n\n\n<p class=\"has-base-color has-text-color has-link-color has-small-font-size wp-elements-c1a3afd76db457ccab37f08a342c2d97\">Soutenir la <strong>cr\u00e9ation<\/strong> d&rsquo;un tiers lieu de sant\u00e9 &#8211; projet pilote marseillais &#8211; vers le r\u00e9tablissement pour toutes et tous.<\/p>\n\n\n\n<p class=\"has-base-color has-text-color has-link-color wp-elements-8b91094a5fd7432dbde0894755c8b6ec\"><em><strong>Notre intention ?<\/strong><\/em><\/p>\n\n\n\n<p class=\"has-base-color has-text-color has-link-color has-small-font-size wp-elements-9449580ab0bedcac08000b8451ea71aa\">Prendre soin de nos vuln\u00e9rabilit\u00e9s individuelles et collectives, des services de soin \u00e0 la vie citoyenne, pour une soci\u00e9t\u00e9 pourvoyeuse de sant\u00e9.<\/p>\n\n\n\n<p class=\"has-base-color has-text-color has-link-color has-large-font-size wp-elements-99369e75e376db3e1324c6c4f16a0d57\"><em><strong>Le r\u00e9tablissement : quesako ?<\/strong><\/em><\/p>\n\n\n\n<p class=\"has-base-color has-text-color has-link-color has-small-font-size wp-elements-3cebdf8ace3591bbd29fed0c1865e787\">Lorsque la maladie est derri\u00e8re soi, absente ou stabilis\u00e9e, il s&rsquo;agit de r\u00e9apprendre \u00e0 vivre. Pas seulement survivre.<\/p>\n\n\n\n<p class=\"has-base-color has-text-color has-link-color has-small-font-size wp-elements-08eb526e6c09e9f7dabde41b777015cd\">Le r\u00e9tablissement est ce chemin vers la sant\u00e9, une fois l\u2019urgence m\u00e9dicale pass\u00e9e.<\/p>\n\n\n\n<p class=\"has-base-color has-text-color has-link-color has-small-font-size wp-elements-3c6d0933585eda127cd9a85d8fedd185\">Aller pas \u00e0 pas vers la gu\u00e9rison, physique, psychique et sociale, pour que la sant\u00e9 ne soit plus seulement un objectif mais devienne un moyen \u00ab&nbsp;d\u2019\u00eatre et de faire ce qui &#8211; nous &#8211; semble important tout au long de la vie&nbsp;\u00bb (1).<\/p>\n\n\n\n<p class=\"has-base-color has-text-color has-link-color wp-elements-d34b3dd64c6feba7e6305d933a6a3e1d\"><em><strong>Notre carte ?<\/strong><\/em><\/p>\n\n\n\n<p class=\"has-base-color has-text-color has-link-color has-small-font-size wp-elements-5b60e05fb70d5012e8d7a397d7536b8e\">Cr\u00e9er un \u00e9cosyst\u00e8me riche et transdisciplinaire utilisant les arts, la culture, la nature, et notre humanit\u00e9.<\/p>\n\n\n\n<p class=\"has-base-color has-text-color has-link-color wp-elements-e798f65521aa4c7baefcb73640a439e7\"><em><strong>Notre boussole ?<\/strong><\/em><\/p>\n\n\n\n<p class=\"has-base-color has-text-color has-link-color has-small-font-size wp-elements-2557124559df29b9127811e2dace5f3f\">La d\u00e9mocratie sanitaire* et l\u2019\u00e9valuation scientifique.<\/p>\n\n\n\n<p class=\"has-base-color has-text-color has-link-color has-small-font-size wp-elements-9d3a8deb0fd1be17e53380b009db2258\">La sant\u00e9 est un besoin essentiel, un droit commun, un service public. Elle ne se limite pas \u00e0 l\u2019absence de maladie.<\/p>\n\n\n\n<p class=\"has-base-color has-text-color has-link-color has-small-font-size wp-elements-410bde6dc9cbc7dc01cbbaeb26a15b1d\">Nous souhaitons donc \u00e9crire un nouveau r\u00e9cit collectivement, avec les patients, les soignants, les institutions hospitali\u00e8res, les collectivit\u00e9s territoriales et l&rsquo;ensemble des actrices et acteurs du territoire.<\/p>\n\n\n\n<p class=\"has-base-color has-text-color has-link-color has-small-font-size wp-elements-0184fa4c092e0f0f60cfe294ff177bfb\">Ce nouveau r\u00e9cit sera \u00e9valu\u00e9 par de la recherche scientifique, avec pour hypoth\u00e8se de recherche celle de transformer nos vuln\u00e9rabilit\u00e9s individuelles en puissance collective et se relever ensemble apr\u00e8s la travers\u00e9e de la maladie grave et du cancer<\/p>\n\n\n\n<p class=\"has-base-color has-text-color has-link-color wp-elements-1cd6bdc4c25800e3203cb2f46480138a\"><em><strong>\u00c0 qui sera ouverte cette maison du r\u00e9tablissement ?<\/strong><\/em><\/p>\n\n\n\n<ul class=\"wp-block-list\">\n<li class=\"has-base-color has-text-color has-link-color has-small-font-size wp-elements-0b2cfa0477b00553543a058f13857c6b\">\u00c0 toutes les personnes touch\u00e9es par le cancer<\/li>\n\n\n\n<li class=\"has-base-color has-text-color has-link-color has-small-font-size wp-elements-e7bc464dfb625161bfc99c2a5a03ce9f\">Aux aidants, parents, enfants pendant l\u2019accompagnement et en post-aidance<\/li>\n\n\n\n<li class=\"has-base-color has-text-color has-link-color has-small-font-size wp-elements-a75f389f1f6dcfa0d621c56fafc85c55\">Aux professionnel-le-s de sant\u00e9, ab\u00eem\u00e9-e-s parfois, fatigu\u00e9-e-s souvent, engag\u00e9-e-s toujours.<\/li>\n\n\n\n<li class=\"has-base-color has-text-color has-link-color has-small-font-size wp-elements-fdf518df8eab29ea6c5dbc4d61d604fd\">Aux citoyens souhaitant \u0153uvrer pour le prendre soin.<\/li>\n<\/ul>\n\n\n\n<p class=\"has-base-color has-text-color has-link-color wp-elements-fef1e6f7accc642c25104648f2c5600c\" style=\"font-size:0.8rem\"><em>Ref (1) OMS World Report On Ageing 2015<\/em><\/p>\n<\/div>\n<\/div>\n<\/div>\n\n\n\n<div class=\"wp-block-group alignfull has-global-padding is-layout-constrained wp-container-core-group-is-layout-0c9c989a wp-block-group-is-layout-constrained\" style=\"min-height:0vh;margin-top:0;margin-bottom:0;padding-top:var(--wp--preset--spacing--70);padding-right:var(--wp--preset--spacing--40);padding-bottom:var(--wp--preset--spacing--70);padding-left:var(--wp--preset--spacing--40)\">\n<div class=\"wp-block-group has-global-padding is-layout-constrained wp-container-core-group-is-layout-346627ba wp-block-group-is-layout-constrained\">\n<h2 class=\"wp-block-heading has-text-align-center has-montserrat-font-family has-x-large-font-size\" style=\"margin-right:0;margin-left:0;padding-right:0;padding-left:0\"><em>Je soutien l\u2019association<\/em>&nbsp;<\/h2>\n\n\n\n<p class=\"has-text-align-center has-montserrat-font-family has-small-font-size\">Tout comme les fleurs qui \u00e9closent dans des endroits inattendus, chaque histoire se d\u00e9ploie avec beaut\u00e9 et r\u00e9silience, r\u00e9v\u00e9lant des merveilles cach\u00e9es.<\/p>\n\n\n\n<p class=\"has-text-align-center has-montserrat-font-family has-medium-font-size\">Je deviens membre&nbsp;<\/p>\n\n\n\n<div class=\"wp-block-buttons is-content-justification-center is-layout-flex wp-container-core-buttons-is-layout-a89b3969 wp-block-buttons-is-layout-flex\">\n<div class=\"wp-block-button\"><a class=\"wp-block-button__link has-background has-medium-font-size has-custom-font-size wp-element-button\" style=\"background-color:#3692b3\">Je fais un don<\/a><\/div>\n<\/div>\n<\/div>\n<\/div>\n\n\n\n<div class=\"wp-block-group alignfull is-style-section-5 has-base-color has-contrast-background-color has-text-color has-background has-link-color wp-elements-017237a415d710cd2a433302fc342e29 has-global-padding is-layout-constrained wp-block-group-is-layout-constrained is-style-section-5--2\" style=\"margin-top:0;margin-bottom:0;padding-top:var(--wp--preset--spacing--50);padding-bottom:var(--wp--preset--spacing--50)\">\n<div class=\"wp-block-columns alignwide is-style-default is-layout-flex wp-container-core-columns-is-layout-08fc7c6e wp-block-columns-is-layout-flex\" style=\"padding-top:0;padding-bottom:0\">\n<div class=\"wp-block-column is-vertically-aligned-center is-layout-flow wp-block-column-is-layout-flow\" style=\"flex-basis:50%\">\n<h2 class=\"wp-block-heading has-base-color has-text-color has-link-color has-montserrat-font-family wp-elements-b34def84f3713ea38d2c1845fffd8f87\"><strong>Save the date<\/strong><\/h2>\n\n\n\n<p class=\"has-montserrat-font-family has-small-font-size\">Le jeudi 18  juin 2026 <\/p>\n\n\n\n<p class=\"has-montserrat-font-family has-small-font-size\">\u00c9v\u00e8nement \u00e0 Maseille <\/p>\n\n\n\n<p class=\"has-montserrat-font-family has-small-font-size\">Info \u00e0 venir prochainement&#8230;<\/p>\n<\/div>\n\n\n\n<div class=\"wp-block-column is-vertically-aligned-center is-layout-flow wp-block-column-is-layout-flow\" style=\"flex-basis:50%\">\n<figure class=\"wp-block-image size-full is-resized\"><img loading=\"lazy\" decoding=\"async\" width=\"2560\" height=\"1920\" src=\"http:\/\/fzcksnm.cluster121.hosting.ovh.net\/wp-content\/uploads\/2026\/04\/IMG_3710-scaled.jpg\" alt=\"\" class=\"wp-image-14\" style=\"aspect-ratio:1;object-fit:cover;width:238px;height:auto\" srcset=\"https:\/\/espoir-maisonduretablissement.fr\/wp-content\/uploads\/2026\/04\/IMG_3710-scaled.jpg 2560w, https:\/\/espoir-maisonduretablissement.fr\/wp-content\/uploads\/2026\/04\/IMG_3710-300x225.jpg 300w, https:\/\/espoir-maisonduretablissement.fr\/wp-content\/uploads\/2026\/04\/IMG_3710-1024x768.jpg 1024w, https:\/\/espoir-maisonduretablissement.fr\/wp-content\/uploads\/2026\/04\/IMG_3710-768x576.jpg 768w, https:\/\/espoir-maisonduretablissement.fr\/wp-content\/uploads\/2026\/04\/IMG_3710-1536x1152.jpg 1536w, https:\/\/espoir-maisonduretablissement.fr\/wp-content\/uploads\/2026\/04\/IMG_3710-2048x1536.jpg 2048w\" sizes=\"auto, (max-width: 2560px) 100vw, 2560px\" \/><\/figure>\n<\/div>\n<\/div>\n<\/div>\n\n\n\n<div class=\"wp-block-group alignfull has-large-font-size has-global-padding is-layout-constrained wp-container-core-group-is-layout-6bbb4547 wp-block-group-is-layout-constrained\" style=\"margin-top:0;margin-bottom:0;padding-top:var(--wp--preset--spacing--80);padding-bottom:var(--wp--preset--spacing--80)\">\n<div class=\"wp-block-group alignwide is-layout-flow wp-block-group-is-layout-flow\">\n<p class=\"has-text-align-center is-style-text-display has-montserrat-font-family has-large-font-size is-style-text-display--3\" style=\"font-style:normal;font-weight:400\">Rejoignez-nous dans nos r\u00e9seaux<\/p>\n\n\n\n<div style=\"height:var(--wp--preset--spacing--40)\" aria-hidden=\"true\" class=\"wp-block-spacer\"><\/div>\n\n\n\n<ul class=\"wp-block-social-links has-icon-color is-style-logos-only is-horizontal is-content-justification-center is-layout-flex wp-container-core-social-links-is-layout-0748a5f6 wp-block-social-links-is-layout-flex\" style=\"border-style:none;border-width:0px;border-top-left-radius:0px;border-top-right-radius:0px;border-bottom-left-radius:0px;border-bottom-right-radius:0px;margin-top:0;margin-right:0;margin-bottom:0;margin-left:0\"><li style=\"color:#3692b3;\" class=\"wp-social-link wp-social-link-facebook  wp-block-social-link\"><a href=\"#\" class=\"wp-block-social-link-anchor\"><svg width=\"24\" height=\"24\" viewBox=\"0 0 24 24\" version=\"1.1\" xmlns=\"http:\/\/www.w3.org\/2000\/svg\" aria-hidden=\"true\" focusable=\"false\"><path d=\"M12 2C6.5 2 2 6.5 2 12c0 5 3.7 9.1 8.4 9.9v-7H7.9V12h2.5V9.8c0-2.5 1.5-3.9 3.8-3.9 1.1 0 2.2.2 2.2.2v2.5h-1.3c-1.2 0-1.6.8-1.6 1.6V12h2.8l-.4 2.9h-2.3v7C18.3 21.1 22 17 22 12c0-5.5-4.5-10-10-10z\"><\/path><\/svg><span class=\"wp-block-social-link-label screen-reader-text\">Facebook<\/span><\/a><\/li>\n\n<li style=\"color:#3692b3;\" class=\"wp-social-link wp-social-link-instagram  wp-block-social-link\"><a href=\"#\" class=\"wp-block-social-link-anchor\"><svg width=\"24\" height=\"24\" viewBox=\"0 0 24 24\" version=\"1.1\" xmlns=\"http:\/\/www.w3.org\/2000\/svg\" aria-hidden=\"true\" focusable=\"false\"><path d=\"M12,4.622c2.403,0,2.688,0.009,3.637,0.052c0.877,0.04,1.354,0.187,1.671,0.31c0.42,0.163,0.72,0.358,1.035,0.673 c0.315,0.315,0.51,0.615,0.673,1.035c0.123,0.317,0.27,0.794,0.31,1.671c0.043,0.949,0.052,1.234,0.052,3.637 s-0.009,2.688-0.052,3.637c-0.04,0.877-0.187,1.354-0.31,1.671c-0.163,0.42-0.358,0.72-0.673,1.035 c-0.315,0.315-0.615,0.51-1.035,0.673c-0.317,0.123-0.794,0.27-1.671,0.31c-0.949,0.043-1.233,0.052-3.637,0.052 s-2.688-0.009-3.637-0.052c-0.877-0.04-1.354-0.187-1.671-0.31c-0.42-0.163-0.72-0.358-1.035-0.673 c-0.315-0.315-0.51-0.615-0.673-1.035c-0.123-0.317-0.27-0.794-0.31-1.671C4.631,14.688,4.622,14.403,4.622,12 s0.009-2.688,0.052-3.637c0.04-0.877,0.187-1.354,0.31-1.671c0.163-0.42,0.358-0.72,0.673-1.035 c0.315-0.315,0.615-0.51,1.035-0.673c0.317-0.123,0.794-0.27,1.671-0.31C9.312,4.631,9.597,4.622,12,4.622 M12,3 C9.556,3,9.249,3.01,8.289,3.054C7.331,3.098,6.677,3.25,6.105,3.472C5.513,3.702,5.011,4.01,4.511,4.511 c-0.5,0.5-0.808,1.002-1.038,1.594C3.25,6.677,3.098,7.331,3.054,8.289C3.01,9.249,3,9.556,3,12c0,2.444,0.01,2.751,0.054,3.711 c0.044,0.958,0.196,1.612,0.418,2.185c0.23,0.592,0.538,1.094,1.038,1.594c0.5,0.5,1.002,0.808,1.594,1.038 c0.572,0.222,1.227,0.375,2.185,0.418C9.249,20.99,9.556,21,12,21s2.751-0.01,3.711-0.054c0.958-0.044,1.612-0.196,2.185-0.418 c0.592-0.23,1.094-0.538,1.594-1.038c0.5-0.5,0.808-1.002,1.038-1.594c0.222-0.572,0.375-1.227,0.418-2.185 C20.99,14.751,21,14.444,21,12s-0.01-2.751-0.054-3.711c-0.044-0.958-0.196-1.612-0.418-2.185c-0.23-0.592-0.538-1.094-1.038-1.594 c-0.5-0.5-1.002-0.808-1.594-1.038c-0.572-0.222-1.227-0.375-2.185-0.418C14.751,3.01,14.444,3,12,3L12,3z M12,7.378 c-2.552,0-4.622,2.069-4.622,4.622S9.448,16.622,12,16.622s4.622-2.069,4.622-4.622S14.552,7.378,12,7.378z M12,15 c-1.657,0-3-1.343-3-3s1.343-3,3-3s3,1.343,3,3S13.657,15,12,15z M16.804,6.116c-0.596,0-1.08,0.484-1.08,1.08 s0.484,1.08,1.08,1.08c0.596,0,1.08-0.484,1.08-1.08S17.401,6.116,16.804,6.116z\"><\/path><\/svg><span class=\"wp-block-social-link-label screen-reader-text\">Instagram<\/span><\/a><\/li><\/ul>\n<\/div>\n<\/div>\n","protected":false},"excerpt":{"rendered":"<p>Un lieu pour respirer se relier se reconstruire L\u2019association ESPOIR r\u00e9unit un collectif citoyen au service de la sant\u00e9. Notre objectif ? Soutenir la cr\u00e9ation d&rsquo;un tiers lieu de sant\u00e9 &#8211; projet pilote marseillais &#8211; vers le r\u00e9tablissement pour toutes et tous. Notre intention ? Prendre soin de nos vuln\u00e9rabilit\u00e9s individuelles et collectives, des services [&hellip;]<\/p>\n","protected":false},"author":1,"featured_media":0,"parent":0,"menu_order":0,"comment_status":"closed","ping_status":"closed","template":"","meta":{"footnotes":""},"class_list":["post-10","page","type-page","status-publish","hentry"],"_links":{"self":[{"href":"https:\/\/espoir-maisonduretablissement.fr\/index.php\/wp-json\/wp\/v2\/pages\/10","targetHints":{"allow":["GET"]}}],"collection":[{"href":"https:\/\/espoir-maisonduretablissement.fr\/index.php\/wp-json\/wp\/v2\/pages"}],"about":[{"href":"https:\/\/espoir-maisonduretablissement.fr\/index.php\/wp-json\/wp\/v2\/types\/page"}],"author":[{"embeddable":true,"href":"https:\/\/espoir-maisonduretablissement.fr\/index.php\/wp-json\/wp\/v2\/users\/1"}],"replies":[{"embeddable":true,"href":"https:\/\/espoir-maisonduretablissement.fr\/index.php\/wp-json\/wp\/v2\/comments?post=10"}],"version-history":[{"count":17,"href":"https:\/\/espoir-maisonduretablissement.fr\/index.php\/wp-json\/wp\/v2\/pages\/10\/revisions"}],"predecessor-version":[{"id":95,"href":"https:\/\/espoir-maisonduretablissement.fr\/index.php\/wp-json\/wp\/v2\/pages\/10\/revisions\/95"}],"wp:attachment":[{"href":"https:\/\/espoir-maisonduretablissement.fr\/index.php\/wp-json\/wp\/v2\/media?parent=10"}],"curies":[{"name":"wp","href":"https:\/\/api.w.org\/{rel}","templated":true}]}}